{"id":54171,"date":"2023-11-30T17:11:12","date_gmt":"2023-11-30T16:11:12","guid":{"rendered":"https:\/\/www.mathon-paris.com\/shop\/collier-or-rose\/"},"modified":"2024-06-18T16:46:41","modified_gmt":"2024-06-18T14:46:41","slug":"rose-gold-necklace","status":"publish","type":"page","link":"https:\/\/www.mathon-paris.com\/en\/shop\/rose-gold-necklace\/","title":{"rendered":"Rose Gold Necklace"},"content":{"rendered":"<p>The <strong>rose gold women&#8217;s necklace<\/strong> is a true jewellery icon. This precious and timeless metal adds a touch of refinement and delicacy to any attire. Are you in search of an elegant and original piece of jewellery for yourself or as a gift? Our collection of <strong>rose gold necklaces for women<\/strong> is a fabulous idea.<\/p>\n","protected":false},"excerpt":{"rendered":"<p>The rose gold women&#8217;s necklace is a true jewellery icon. This precious and timeless metal adds a touch of refinement and delicacy to any attire. Are you in search of an elegant and original piece of jewellery for yourself or as a gift? Our collection of rose gold necklaces for women is a fabulous idea.<\/p>\n","protected":false},"author":3,"featured_media":0,"parent":2297,"menu_order":30,"comment_status":"closed","ping_status":"closed","template":"template-shop-seo.php","meta":{"_acf_changed":false,"footnotes":""},"acf":[],"yoast_head":"<!-- This site is optimized with the Yoast SEO plugin v24.5 - https:\/\/yoast.com\/wordpress\/plugins\/seo\/ -->\n<title>Rose gold necklace for women: a delicate and colourful jewel - Mathon<\/title>\n<meta name=\"description\" content=\"Le collier pour femme en or rose souligne votre teint et votre personnalit\u00e9 avec subtilit\u00e9. Faites-vous plaisir ou faites plaisir avec ce bijou d\u00e9licat !\" \/>\n<meta name=\"robots\" content=\"index, follow, max-snippet:-1, max-image-preview:large, max-video-preview:-1\" \/>\n<link rel=\"canonical\" href=\"https:\/\/www.mathon-paris.com\/en\/shop\/rose-gold-necklace\/\" \/>\n<meta property=\"og:locale\" content=\"en_US\" \/>\n<meta property=\"og:type\" content=\"article\" \/>\n<meta property=\"og:title\" content=\"Rose gold necklace for women: a delicate and colourful jewel - Mathon\" \/>\n<meta property=\"og:description\" content=\"Le collier pour femme en or rose souligne votre teint et votre personnalit\u00e9 avec subtilit\u00e9. Faites-vous plaisir ou faites plaisir avec ce bijou d\u00e9licat !\" \/>\n<meta property=\"og:url\" content=\"https:\/\/www.mathon-paris.com\/en\/shop\/rose-gold-necklace\/\" \/>\n<meta property=\"og:site_name\" content=\"Mathon Paris\" \/>\n<meta property=\"article:modified_time\" content=\"2024-06-18T14:46:41+00:00\" \/>\n<meta name=\"twitter:card\" content=\"summary_large_image\" \/>\n<meta name=\"twitter:label1\" content=\"Est. reading time\" \/>\n\t<meta name=\"twitter:data1\" content=\"1 minute\" \/>\n<script type=\"application\/ld+json\" class=\"yoast-schema-graph\">{\"@context\":\"https:\/\/schema.org\",\"@graph\":[{\"@type\":\"WebPage\",\"@id\":\"https:\/\/www.mathon-paris.com\/en\/shop\/rose-gold-necklace\/\",\"url\":\"https:\/\/www.mathon-paris.com\/en\/shop\/rose-gold-necklace\/\",\"name\":\"Rose gold necklace for women: a delicate and colourful jewel - Mathon\",\"isPartOf\":{\"@id\":\"https:\/\/www.mathon-paris.com\/en\/#website\"},\"datePublished\":\"2023-11-30T16:11:12+00:00\",\"dateModified\":\"2024-06-18T14:46:41+00:00\",\"description\":\"Le collier pour femme en or rose souligne votre teint et votre personnalit\u00e9 avec subtilit\u00e9. Faites-vous plaisir ou faites plaisir avec ce bijou d\u00e9licat !\",\"breadcrumb\":{\"@id\":\"https:\/\/www.mathon-paris.com\/en\/shop\/rose-gold-necklace\/#breadcrumb\"},\"inLanguage\":\"en-US\",\"potentialAction\":[{\"@type\":\"ReadAction\",\"target\":[\"https:\/\/www.mathon-paris.com\/en\/shop\/rose-gold-necklace\/\"]}]},{\"@type\":\"BreadcrumbList\",\"@id\":\"https:\/\/www.mathon-paris.com\/en\/shop\/rose-gold-necklace\/#breadcrumb\",\"itemListElement\":[{\"@type\":\"ListItem\",\"position\":1,\"name\":\"Shop\",\"item\":\"https:\/\/www.mathon-paris.com\/en\/shop\/\"},{\"@type\":\"ListItem\",\"position\":2,\"name\":\"Rose Gold Necklace\"}]},{\"@type\":\"WebSite\",\"@id\":\"https:\/\/www.mathon-paris.com\/en\/#website\",\"url\":\"https:\/\/www.mathon-paris.com\/en\/\",\"name\":\"Mathon Paris\",\"description\":\"\",\"potentialAction\":[{\"@type\":\"SearchAction\",\"target\":{\"@type\":\"EntryPoint\",\"urlTemplate\":\"https:\/\/www.mathon-paris.com\/en\/?s={search_term_string}\"},\"query-input\":{\"@type\":\"PropertyValueSpecification\",\"valueRequired\":true,\"valueName\":\"search_term_string\"}}],\"inLanguage\":\"en-US\"}]}<\/script>\n<!-- \/ Yoast SEO plugin. -->","yoast_head_json":{"title":"Rose gold necklace for women: a delicate and colourful jewel - Mathon","description":"Le collier pour femme en or rose souligne votre teint et votre personnalit\u00e9 avec subtilit\u00e9. Faites-vous plaisir ou faites plaisir avec ce bijou d\u00e9licat !","robots":{"index":"index","follow":"follow","max-snippet":"max-snippet:-1","max-image-preview":"max-image-preview:large","max-video-preview":"max-video-preview:-1"},"canonical":"https:\/\/www.mathon-paris.com\/en\/shop\/rose-gold-necklace\/","og_locale":"en_US","og_type":"article","og_title":"Rose gold necklace for women: a delicate and colourful jewel - Mathon","og_description":"Le collier pour femme en or rose souligne votre teint et votre personnalit\u00e9 avec subtilit\u00e9. Faites-vous plaisir ou faites plaisir avec ce bijou d\u00e9licat !","og_url":"https:\/\/www.mathon-paris.com\/en\/shop\/rose-gold-necklace\/","og_site_name":"Mathon Paris","article_modified_time":"2024-06-18T14:46:41+00:00","twitter_card":"summary_large_image","twitter_misc":{"Est. reading time":"1 minute"},"schema":{"@context":"https:\/\/schema.org","@graph":[{"@type":"WebPage","@id":"https:\/\/www.mathon-paris.com\/en\/shop\/rose-gold-necklace\/","url":"https:\/\/www.mathon-paris.com\/en\/shop\/rose-gold-necklace\/","name":"Rose gold necklace for women: a delicate and colourful jewel - Mathon","isPartOf":{"@id":"https:\/\/www.mathon-paris.com\/en\/#website"},"datePublished":"2023-11-30T16:11:12+00:00","dateModified":"2024-06-18T14:46:41+00:00","description":"Le collier pour femme en or rose souligne votre teint et votre personnalit\u00e9 avec subtilit\u00e9. Faites-vous plaisir ou faites plaisir avec ce bijou d\u00e9licat !","breadcrumb":{"@id":"https:\/\/www.mathon-paris.com\/en\/shop\/rose-gold-necklace\/#breadcrumb"},"inLanguage":"en-US","potentialAction":[{"@type":"ReadAction","target":["https:\/\/www.mathon-paris.com\/en\/shop\/rose-gold-necklace\/"]}]},{"@type":"BreadcrumbList","@id":"https:\/\/www.mathon-paris.com\/en\/shop\/rose-gold-necklace\/#breadcrumb","itemListElement":[{"@type":"ListItem","position":1,"name":"Shop","item":"https:\/\/www.mathon-paris.com\/en\/shop\/"},{"@type":"ListItem","position":2,"name":"Rose Gold Necklace"}]},{"@type":"WebSite","@id":"https:\/\/www.mathon-paris.com\/en\/#website","url":"https:\/\/www.mathon-paris.com\/en\/","name":"Mathon Paris","description":"","potentialAction":[{"@type":"SearchAction","target":{"@type":"EntryPoint","urlTemplate":"https:\/\/www.mathon-paris.com\/en\/?s={search_term_string}"},"query-input":{"@type":"PropertyValueSpecification","valueRequired":true,"valueName":"search_term_string"}}],"inLanguage":"en-US"}]}},"_links":{"self":[{"href":"https:\/\/www.mathon-paris.com\/en\/wp-json\/wp\/v2\/pages\/54171"}],"collection":[{"href":"https:\/\/www.mathon-paris.com\/en\/wp-json\/wp\/v2\/pages"}],"about":[{"href":"https:\/\/www.mathon-paris.com\/en\/wp-json\/wp\/v2\/types\/page"}],"author":[{"embeddable":true,"href":"https:\/\/www.mathon-paris.com\/en\/wp-json\/wp\/v2\/users\/3"}],"replies":[{"embeddable":true,"href":"https:\/\/www.mathon-paris.com\/en\/wp-json\/wp\/v2\/comments?post=54171"}],"version-history":[{"count":2,"href":"https:\/\/www.mathon-paris.com\/en\/wp-json\/wp\/v2\/pages\/54171\/revisions"}],"predecessor-version":[{"id":54173,"href":"https:\/\/www.mathon-paris.com\/en\/wp-json\/wp\/v2\/pages\/54171\/revisions\/54173"}],"up":[{"embeddable":true,"href":"https:\/\/www.mathon-paris.com\/en\/wp-json\/wp\/v2\/pages\/2297"}],"wp:attachment":[{"href":"https:\/\/www.mathon-paris.com\/en\/wp-json\/wp\/v2\/media?parent=54171"}],"curies":[{"name":"wp","href":"https:\/\/api.w.org\/{rel}","templated":true}]}}