{"id":53479,"date":"2024-05-28T12:38:54","date_gmt":"2024-05-28T10:38:54","guid":{"rendered":"https:\/\/www.mathon-paris.com\/?post_type=product&#038;p=53479"},"modified":"2024-05-28T13:16:23","modified_gmt":"2024-05-28T11:16:23","slug":"collier-cocci-or-blanc-diamants-et-emeraude","status":"publish","type":"product","link":"https:\/\/www.mathon-paris.com\/ja\/e-boutique\/colliers\/collier-cocci-or-blanc-diamants-et-emeraude\/","title":{"rendered":"Collier Cocci, Or blanc, diamants et \u00e9meraude"},"content":{"rendered":"","protected":false},"excerpt":{"rendered":"<p>Or blanc 18K 750 milli\u00e8mes<br \/>\nDiamants 0,2 ct<br \/>\nEmeraude 0,33 ct<br \/>\nLabel Joaillerie de France &#8211; origine France certifi\u00e9e<\/p>\n","protected":false},"featured_media":53495,"template":"","meta":{"_acf_changed":false},"product_cat":[40],"product_tag":[204,237],"collection":[257],"gold":[254],"selection":[243],"acf":[],"yoast_head":"<!-- This site is optimized with the Yoast SEO plugin v24.5 - https:\/\/yoast.com\/wordpress\/plugins\/seo\/ -->\n<title>Collier Cocci, Or blanc, diamants et \u00e9meraude | Mathon Paris<\/title>\n<meta name=\"robots\" content=\"index, follow, max-snippet:-1, max-image-preview:large, max-video-preview:-1\" \/>\n<link rel=\"canonical\" href=\"https:\/\/www.mathon-paris.com\/ja\/e-boutique\/colliers\/collier-cocci-or-blanc-diamants-et-emeraude\/\" \/>\n<meta property=\"og:locale\" content=\"ja_JP\" \/>\n<meta property=\"og:type\" content=\"article\" \/>\n<meta property=\"og:title\" content=\"Collier Cocci, Or blanc, diamants et \u00e9meraude | Mathon Paris\" \/>\n<meta property=\"og:description\" content=\"Or blanc 18K 750 milli\u00e8mes Diamants 0,2 ct Emeraude 0,33 ct Label Joaillerie de France - origine France certifi\u00e9e\" \/>\n<meta property=\"og:url\" content=\"https:\/\/www.mathon-paris.com\/ja\/e-boutique\/colliers\/collier-cocci-or-blanc-diamants-et-emeraude\/\" \/>\n<meta property=\"og:site_name\" content=\"Mathon Paris\" \/>\n<meta property=\"article:modified_time\" content=\"2024-05-28T11:16:23+00:00\" \/>\n<meta property=\"og:image\" content=\"https:\/\/www.mathon-paris.com\/wp-content\/uploads\/2024\/05\/image-1.jpg\" \/>\n\t<meta property=\"og:image:width\" content=\"1080\" \/>\n\t<meta property=\"og:image:height\" content=\"1080\" \/>\n\t<meta property=\"og:image:type\" content=\"image\/jpeg\" \/>\n<meta name=\"twitter:card\" content=\"summary_large_image\" \/>\n<meta name=\"twitter:label1\" content=\"\u63a8\u5b9a\u8aad\u307f\u53d6\u308a\u6642\u9593\" \/>\n\t<meta name=\"twitter:data1\" content=\"1\u5206\" \/>\n<script type=\"application\/ld+json\" class=\"yoast-schema-graph\">{\"@context\":\"https:\/\/schema.org\",\"@graph\":[{\"@type\":\"WebPage\",\"@id\":\"https:\/\/www.mathon-paris.com\/ja\/e-boutique\/colliers\/collier-cocci-or-blanc-diamants-et-emeraude\/\",\"url\":\"https:\/\/www.mathon-paris.com\/ja\/e-boutique\/colliers\/collier-cocci-or-blanc-diamants-et-emeraude\/\",\"name\":\"Collier Cocci, Or blanc, diamants et \u00e9meraude | Mathon Paris\",\"isPartOf\":{\"@id\":\"https:\/\/www.mathon-paris.com\/ja\/#website\"},\"primaryImageOfPage\":{\"@id\":\"https:\/\/www.mathon-paris.com\/ja\/e-boutique\/colliers\/collier-cocci-or-blanc-diamants-et-emeraude\/#primaryimage\"},\"image\":{\"@id\":\"https:\/\/www.mathon-paris.com\/ja\/e-boutique\/colliers\/collier-cocci-or-blanc-diamants-et-emeraude\/#primaryimage\"},\"thumbnailUrl\":\"https:\/\/www.mathon-paris.com\/wp-content\/uploads\/2024\/05\/image-1.jpg\",\"datePublished\":\"2024-05-28T10:38:54+00:00\",\"dateModified\":\"2024-05-28T11:16:23+00:00\",\"breadcrumb\":{\"@id\":\"https:\/\/www.mathon-paris.com\/ja\/e-boutique\/colliers\/collier-cocci-or-blanc-diamants-et-emeraude\/#breadcrumb\"},\"inLanguage\":\"ja\",\"potentialAction\":[{\"@type\":\"ReadAction\",\"target\":[\"https:\/\/www.mathon-paris.com\/ja\/e-boutique\/colliers\/collier-cocci-or-blanc-diamants-et-emeraude\/\"]}]},{\"@type\":\"ImageObject\",\"inLanguage\":\"ja\",\"@id\":\"https:\/\/www.mathon-paris.com\/ja\/e-boutique\/colliers\/collier-cocci-or-blanc-diamants-et-emeraude\/#primaryimage\",\"url\":\"https:\/\/www.mathon-paris.com\/wp-content\/uploads\/2024\/05\/image-1.jpg\",\"contentUrl\":\"https:\/\/www.mathon-paris.com\/wp-content\/uploads\/2024\/05\/image-1.jpg\",\"width\":1080,\"height\":1080},{\"@type\":\"BreadcrumbList\",\"@id\":\"https:\/\/www.mathon-paris.com\/ja\/e-boutique\/colliers\/collier-cocci-or-blanc-diamants-et-emeraude\/#breadcrumb\",\"itemListElement\":[{\"@type\":\"ListItem\",\"position\":1,\"name\":\"\u30b7\u30e7\u30c3\u30d7\",\"item\":\"https:\/\/www.mathon-paris.com\/ja\/%e3%82%b7%e3%83%a7%e3%83%83%e3%83%97\/\"},{\"@type\":\"ListItem\",\"position\":2,\"name\":\"Colliers\",\"item\":\"https:\/\/www.mathon-paris.com\/ja\/produits\/colliers\/\"},{\"@type\":\"ListItem\",\"position\":3,\"name\":\"Collier Cocci, Or blanc, diamants et \u00e9meraude\"}]},{\"@type\":\"WebSite\",\"@id\":\"https:\/\/www.mathon-paris.com\/ja\/#website\",\"url\":\"https:\/\/www.mathon-paris.com\/ja\/\",\"name\":\"Mathon Paris\",\"description\":\"\",\"potentialAction\":[{\"@type\":\"SearchAction\",\"target\":{\"@type\":\"EntryPoint\",\"urlTemplate\":\"https:\/\/www.mathon-paris.com\/ja\/?s={search_term_string}\"},\"query-input\":{\"@type\":\"PropertyValueSpecification\",\"valueRequired\":true,\"valueName\":\"search_term_string\"}}],\"inLanguage\":\"ja\"}]}<\/script>\n<!-- \/ Yoast SEO plugin. -->","yoast_head_json":{"title":"Collier Cocci, Or blanc, diamants et \u00e9meraude | Mathon Paris","robots":{"index":"index","follow":"follow","max-snippet":"max-snippet:-1","max-image-preview":"max-image-preview:large","max-video-preview":"max-video-preview:-1"},"canonical":"https:\/\/www.mathon-paris.com\/ja\/e-boutique\/colliers\/collier-cocci-or-blanc-diamants-et-emeraude\/","og_locale":"ja_JP","og_type":"article","og_title":"Collier Cocci, Or blanc, diamants et \u00e9meraude | Mathon Paris","og_description":"Or blanc 18K 750 milli\u00e8mes Diamants 0,2 ct Emeraude 0,33 ct Label Joaillerie de France - origine France certifi\u00e9e","og_url":"https:\/\/www.mathon-paris.com\/ja\/e-boutique\/colliers\/collier-cocci-or-blanc-diamants-et-emeraude\/","og_site_name":"Mathon Paris","article_modified_time":"2024-05-28T11:16:23+00:00","og_image":[{"width":1080,"height":1080,"url":"https:\/\/www.mathon-paris.com\/wp-content\/uploads\/2024\/05\/image-1.jpg","type":"image\/jpeg"}],"twitter_card":"summary_large_image","twitter_misc":{"\u63a8\u5b9a\u8aad\u307f\u53d6\u308a\u6642\u9593":"1\u5206"},"schema":{"@context":"https:\/\/schema.org","@graph":[{"@type":"WebPage","@id":"https:\/\/www.mathon-paris.com\/ja\/e-boutique\/colliers\/collier-cocci-or-blanc-diamants-et-emeraude\/","url":"https:\/\/www.mathon-paris.com\/ja\/e-boutique\/colliers\/collier-cocci-or-blanc-diamants-et-emeraude\/","name":"Collier Cocci, Or blanc, diamants et \u00e9meraude | Mathon Paris","isPartOf":{"@id":"https:\/\/www.mathon-paris.com\/ja\/#website"},"primaryImageOfPage":{"@id":"https:\/\/www.mathon-paris.com\/ja\/e-boutique\/colliers\/collier-cocci-or-blanc-diamants-et-emeraude\/#primaryimage"},"image":{"@id":"https:\/\/www.mathon-paris.com\/ja\/e-boutique\/colliers\/collier-cocci-or-blanc-diamants-et-emeraude\/#primaryimage"},"thumbnailUrl":"https:\/\/www.mathon-paris.com\/wp-content\/uploads\/2024\/05\/image-1.jpg","datePublished":"2024-05-28T10:38:54+00:00","dateModified":"2024-05-28T11:16:23+00:00","breadcrumb":{"@id":"https:\/\/www.mathon-paris.com\/ja\/e-boutique\/colliers\/collier-cocci-or-blanc-diamants-et-emeraude\/#breadcrumb"},"inLanguage":"ja","potentialAction":[{"@type":"ReadAction","target":["https:\/\/www.mathon-paris.com\/ja\/e-boutique\/colliers\/collier-cocci-or-blanc-diamants-et-emeraude\/"]}]},{"@type":"ImageObject","inLanguage":"ja","@id":"https:\/\/www.mathon-paris.com\/ja\/e-boutique\/colliers\/collier-cocci-or-blanc-diamants-et-emeraude\/#primaryimage","url":"https:\/\/www.mathon-paris.com\/wp-content\/uploads\/2024\/05\/image-1.jpg","contentUrl":"https:\/\/www.mathon-paris.com\/wp-content\/uploads\/2024\/05\/image-1.jpg","width":1080,"height":1080},{"@type":"BreadcrumbList","@id":"https:\/\/www.mathon-paris.com\/ja\/e-boutique\/colliers\/collier-cocci-or-blanc-diamants-et-emeraude\/#breadcrumb","itemListElement":[{"@type":"ListItem","position":1,"name":"\u30b7\u30e7\u30c3\u30d7","item":"https:\/\/www.mathon-paris.com\/ja\/%e3%82%b7%e3%83%a7%e3%83%83%e3%83%97\/"},{"@type":"ListItem","position":2,"name":"Colliers","item":"https:\/\/www.mathon-paris.com\/ja\/produits\/colliers\/"},{"@type":"ListItem","position":3,"name":"Collier Cocci, Or blanc, diamants et \u00e9meraude"}]},{"@type":"WebSite","@id":"https:\/\/www.mathon-paris.com\/ja\/#website","url":"https:\/\/www.mathon-paris.com\/ja\/","name":"Mathon Paris","description":"","potentialAction":[{"@type":"SearchAction","target":{"@type":"EntryPoint","urlTemplate":"https:\/\/www.mathon-paris.com\/ja\/?s={search_term_string}"},"query-input":{"@type":"PropertyValueSpecification","valueRequired":true,"valueName":"search_term_string"}}],"inLanguage":"ja"}]}},"_links":{"self":[{"href":"https:\/\/www.mathon-paris.com\/ja\/wp-json\/wp\/v2\/product\/53479"}],"collection":[{"href":"https:\/\/www.mathon-paris.com\/ja\/wp-json\/wp\/v2\/product"}],"about":[{"href":"https:\/\/www.mathon-paris.com\/ja\/wp-json\/wp\/v2\/types\/product"}],"wp:featuredmedia":[{"embeddable":true,"href":"https:\/\/www.mathon-paris.com\/ja\/wp-json\/wp\/v2\/media\/53495"}],"wp:attachment":[{"href":"https:\/\/www.mathon-paris.com\/ja\/wp-json\/wp\/v2\/media?parent=53479"}],"wp:term":[{"taxonomy":"product_cat","embeddable":true,"href":"https:\/\/www.mathon-paris.com\/ja\/wp-json\/wp\/v2\/product_cat?post=53479"},{"taxonomy":"product_tag","embeddable":true,"href":"https:\/\/www.mathon-paris.com\/ja\/wp-json\/wp\/v2\/product_tag?post=53479"},{"taxonomy":"collection","embeddable":true,"href":"https:\/\/www.mathon-paris.com\/ja\/wp-json\/wp\/v2\/collection?post=53479"},{"taxonomy":"gold","embeddable":true,"href":"https:\/\/www.mathon-paris.com\/ja\/wp-json\/wp\/v2\/gold?post=53479"},{"taxonomy":"selection","embeddable":true,"href":"https:\/\/www.mathon-paris.com\/ja\/wp-json\/wp\/v2\/selection?post=53479"}],"curies":[{"name":"wp","href":"https:\/\/api.w.org\/{rel}","templated":true}]}}