{"id":53786,"date":"2024-06-10T14:34:57","date_gmt":"2024-06-10T12:34:57","guid":{"rendered":"https:\/\/www.mathon-paris.com\/?post_type=product&#038;p=53786"},"modified":"2024-06-10T14:56:38","modified_gmt":"2024-06-10T12:56:38","slug":"pins-coccinelle-or-blanc-saphirs-roses-amethystes-et-diamants-noirs","status":"publish","type":"product","link":"https:\/\/www.mathon-paris.com\/ja\/e-boutique\/broches-et-pins\/pins-coccinelle-or-blanc-saphirs-roses-amethystes-et-diamants-noirs\/","title":{"rendered":"Pin&#8217;s Coccinelle, Or blanc, saphirs roses, am\u00e9thystes et diamants noirs"},"content":{"rendered":"","protected":false},"excerpt":{"rendered":"<p style=\"margin: 0cm;\">Or blanc 18K 750 milli\u00e8mes<br \/>\nDiamants noirs 0,17 ct<br \/>\nSaphirs roses 0,72 ct<\/p>\n<p style=\"margin: 0cm;\">Am\u00e9thystes 0,64 ct\u00a0<\/p>\n<p>&nbsp;<\/p>\n<p style=\"margin: 0cm;\">Label Joaillerie de France &#8211; origine France certifi\u00e9e<\/p>\n","protected":false},"featured_media":53800,"template":"","meta":{"_acf_changed":false},"product_cat":[261],"product_tag":[204,253,231],"collection":[257],"gold":[254],"selection":[243],"acf":[],"yoast_head":"<!-- This site is optimized with the Yoast SEO plugin v24.5 - https:\/\/yoast.com\/wordpress\/plugins\/seo\/ -->\n<title>Pin&#039;s Coccinelle, Or blanc, saphirs roses, am\u00e9thystes et diamants noirs | Mathon Paris<\/title>\n<meta name=\"robots\" content=\"index, follow, max-snippet:-1, max-image-preview:large, max-video-preview:-1\" \/>\n<link rel=\"canonical\" href=\"https:\/\/www.mathon-paris.com\/ja\/e-boutique\/broches-et-pins\/pins-coccinelle-or-blanc-saphirs-roses-amethystes-et-diamants-noirs\/\" \/>\n<meta property=\"og:locale\" content=\"ja_JP\" \/>\n<meta property=\"og:type\" content=\"article\" \/>\n<meta property=\"og:title\" content=\"Pin&#039;s Coccinelle, Or blanc, saphirs roses, am\u00e9thystes et diamants noirs | Mathon Paris\" \/>\n<meta property=\"og:description\" content=\"Or blanc 18K 750 milli\u00e8mes Diamants noirs 0,17 ct Saphirs roses 0,72 ct Am\u00e9thystes 0,64 ct\u00a0 &nbsp; Label Joaillerie de France - origine France certifi\u00e9e\" \/>\n<meta property=\"og:url\" content=\"https:\/\/www.mathon-paris.com\/ja\/e-boutique\/broches-et-pins\/pins-coccinelle-or-blanc-saphirs-roses-amethystes-et-diamants-noirs\/\" \/>\n<meta property=\"og:site_name\" content=\"Mathon Paris\" \/>\n<meta property=\"article:modified_time\" content=\"2024-06-10T12:56:38+00:00\" \/>\n<meta property=\"og:image\" content=\"https:\/\/www.mathon-paris.com\/wp-content\/uploads\/2024\/06\/image-1-3.jpg\" \/>\n\t<meta property=\"og:image:width\" content=\"2048\" \/>\n\t<meta property=\"og:image:height\" content=\"1948\" \/>\n\t<meta property=\"og:image:type\" content=\"image\/jpeg\" \/>\n<meta name=\"twitter:card\" content=\"summary_large_image\" \/>\n<meta name=\"twitter:label1\" content=\"\u63a8\u5b9a\u8aad\u307f\u53d6\u308a\u6642\u9593\" \/>\n\t<meta name=\"twitter:data1\" content=\"1\u5206\" \/>\n<script type=\"application\/ld+json\" class=\"yoast-schema-graph\">{\"@context\":\"https:\/\/schema.org\",\"@graph\":[{\"@type\":\"WebPage\",\"@id\":\"https:\/\/www.mathon-paris.com\/ja\/e-boutique\/broches-et-pins\/pins-coccinelle-or-blanc-saphirs-roses-amethystes-et-diamants-noirs\/\",\"url\":\"https:\/\/www.mathon-paris.com\/ja\/e-boutique\/broches-et-pins\/pins-coccinelle-or-blanc-saphirs-roses-amethystes-et-diamants-noirs\/\",\"name\":\"Pin's Coccinelle, Or blanc, saphirs roses, am\u00e9thystes et diamants noirs | Mathon Paris\",\"isPartOf\":{\"@id\":\"https:\/\/www.mathon-paris.com\/ja\/#website\"},\"primaryImageOfPage\":{\"@id\":\"https:\/\/www.mathon-paris.com\/ja\/e-boutique\/broches-et-pins\/pins-coccinelle-or-blanc-saphirs-roses-amethystes-et-diamants-noirs\/#primaryimage\"},\"image\":{\"@id\":\"https:\/\/www.mathon-paris.com\/ja\/e-boutique\/broches-et-pins\/pins-coccinelle-or-blanc-saphirs-roses-amethystes-et-diamants-noirs\/#primaryimage\"},\"thumbnailUrl\":\"https:\/\/www.mathon-paris.com\/wp-content\/uploads\/2024\/06\/image-1-3.jpg\",\"datePublished\":\"2024-06-10T12:34:57+00:00\",\"dateModified\":\"2024-06-10T12:56:38+00:00\",\"breadcrumb\":{\"@id\":\"https:\/\/www.mathon-paris.com\/ja\/e-boutique\/broches-et-pins\/pins-coccinelle-or-blanc-saphirs-roses-amethystes-et-diamants-noirs\/#breadcrumb\"},\"inLanguage\":\"ja\",\"potentialAction\":[{\"@type\":\"ReadAction\",\"target\":[\"https:\/\/www.mathon-paris.com\/ja\/e-boutique\/broches-et-pins\/pins-coccinelle-or-blanc-saphirs-roses-amethystes-et-diamants-noirs\/\"]}]},{\"@type\":\"ImageObject\",\"inLanguage\":\"ja\",\"@id\":\"https:\/\/www.mathon-paris.com\/ja\/e-boutique\/broches-et-pins\/pins-coccinelle-or-blanc-saphirs-roses-amethystes-et-diamants-noirs\/#primaryimage\",\"url\":\"https:\/\/www.mathon-paris.com\/wp-content\/uploads\/2024\/06\/image-1-3.jpg\",\"contentUrl\":\"https:\/\/www.mathon-paris.com\/wp-content\/uploads\/2024\/06\/image-1-3.jpg\",\"width\":2048,\"height\":1948},{\"@type\":\"BreadcrumbList\",\"@id\":\"https:\/\/www.mathon-paris.com\/ja\/e-boutique\/broches-et-pins\/pins-coccinelle-or-blanc-saphirs-roses-amethystes-et-diamants-noirs\/#breadcrumb\",\"itemListElement\":[{\"@type\":\"ListItem\",\"position\":1,\"name\":\"\u30b7\u30e7\u30c3\u30d7\",\"item\":\"https:\/\/www.mathon-paris.com\/ja\/%e3%82%b7%e3%83%a7%e3%83%83%e3%83%97\/\"},{\"@type\":\"ListItem\",\"position\":2,\"name\":\"Broches et pin's\",\"item\":\"https:\/\/www.mathon-paris.com\/ja\/produits\/broches-et-pins\/\"},{\"@type\":\"ListItem\",\"position\":3,\"name\":\"Pin&rsquo;s Coccinelle, Or blanc, saphirs roses, am\u00e9thystes et diamants noirs\"}]},{\"@type\":\"WebSite\",\"@id\":\"https:\/\/www.mathon-paris.com\/ja\/#website\",\"url\":\"https:\/\/www.mathon-paris.com\/ja\/\",\"name\":\"Mathon Paris\",\"description\":\"\",\"potentialAction\":[{\"@type\":\"SearchAction\",\"target\":{\"@type\":\"EntryPoint\",\"urlTemplate\":\"https:\/\/www.mathon-paris.com\/ja\/?s={search_term_string}\"},\"query-input\":{\"@type\":\"PropertyValueSpecification\",\"valueRequired\":true,\"valueName\":\"search_term_string\"}}],\"inLanguage\":\"ja\"}]}<\/script>\n<!-- \/ Yoast SEO plugin. -->","yoast_head_json":{"title":"Pin's Coccinelle, Or blanc, saphirs roses, am\u00e9thystes et diamants noirs | Mathon Paris","robots":{"index":"index","follow":"follow","max-snippet":"max-snippet:-1","max-image-preview":"max-image-preview:large","max-video-preview":"max-video-preview:-1"},"canonical":"https:\/\/www.mathon-paris.com\/ja\/e-boutique\/broches-et-pins\/pins-coccinelle-or-blanc-saphirs-roses-amethystes-et-diamants-noirs\/","og_locale":"ja_JP","og_type":"article","og_title":"Pin's Coccinelle, Or blanc, saphirs roses, am\u00e9thystes et diamants noirs | Mathon Paris","og_description":"Or blanc 18K 750 milli\u00e8mes Diamants noirs 0,17 ct Saphirs roses 0,72 ct Am\u00e9thystes 0,64 ct\u00a0 &nbsp; Label Joaillerie de France - origine France certifi\u00e9e","og_url":"https:\/\/www.mathon-paris.com\/ja\/e-boutique\/broches-et-pins\/pins-coccinelle-or-blanc-saphirs-roses-amethystes-et-diamants-noirs\/","og_site_name":"Mathon Paris","article_modified_time":"2024-06-10T12:56:38+00:00","og_image":[{"width":2048,"height":1948,"url":"https:\/\/www.mathon-paris.com\/wp-content\/uploads\/2024\/06\/image-1-3.jpg","type":"image\/jpeg"}],"twitter_card":"summary_large_image","twitter_misc":{"\u63a8\u5b9a\u8aad\u307f\u53d6\u308a\u6642\u9593":"1\u5206"},"schema":{"@context":"https:\/\/schema.org","@graph":[{"@type":"WebPage","@id":"https:\/\/www.mathon-paris.com\/ja\/e-boutique\/broches-et-pins\/pins-coccinelle-or-blanc-saphirs-roses-amethystes-et-diamants-noirs\/","url":"https:\/\/www.mathon-paris.com\/ja\/e-boutique\/broches-et-pins\/pins-coccinelle-or-blanc-saphirs-roses-amethystes-et-diamants-noirs\/","name":"Pin's Coccinelle, Or blanc, saphirs roses, am\u00e9thystes et diamants noirs | Mathon Paris","isPartOf":{"@id":"https:\/\/www.mathon-paris.com\/ja\/#website"},"primaryImageOfPage":{"@id":"https:\/\/www.mathon-paris.com\/ja\/e-boutique\/broches-et-pins\/pins-coccinelle-or-blanc-saphirs-roses-amethystes-et-diamants-noirs\/#primaryimage"},"image":{"@id":"https:\/\/www.mathon-paris.com\/ja\/e-boutique\/broches-et-pins\/pins-coccinelle-or-blanc-saphirs-roses-amethystes-et-diamants-noirs\/#primaryimage"},"thumbnailUrl":"https:\/\/www.mathon-paris.com\/wp-content\/uploads\/2024\/06\/image-1-3.jpg","datePublished":"2024-06-10T12:34:57+00:00","dateModified":"2024-06-10T12:56:38+00:00","breadcrumb":{"@id":"https:\/\/www.mathon-paris.com\/ja\/e-boutique\/broches-et-pins\/pins-coccinelle-or-blanc-saphirs-roses-amethystes-et-diamants-noirs\/#breadcrumb"},"inLanguage":"ja","potentialAction":[{"@type":"ReadAction","target":["https:\/\/www.mathon-paris.com\/ja\/e-boutique\/broches-et-pins\/pins-coccinelle-or-blanc-saphirs-roses-amethystes-et-diamants-noirs\/"]}]},{"@type":"ImageObject","inLanguage":"ja","@id":"https:\/\/www.mathon-paris.com\/ja\/e-boutique\/broches-et-pins\/pins-coccinelle-or-blanc-saphirs-roses-amethystes-et-diamants-noirs\/#primaryimage","url":"https:\/\/www.mathon-paris.com\/wp-content\/uploads\/2024\/06\/image-1-3.jpg","contentUrl":"https:\/\/www.mathon-paris.com\/wp-content\/uploads\/2024\/06\/image-1-3.jpg","width":2048,"height":1948},{"@type":"BreadcrumbList","@id":"https:\/\/www.mathon-paris.com\/ja\/e-boutique\/broches-et-pins\/pins-coccinelle-or-blanc-saphirs-roses-amethystes-et-diamants-noirs\/#breadcrumb","itemListElement":[{"@type":"ListItem","position":1,"name":"\u30b7\u30e7\u30c3\u30d7","item":"https:\/\/www.mathon-paris.com\/ja\/%e3%82%b7%e3%83%a7%e3%83%83%e3%83%97\/"},{"@type":"ListItem","position":2,"name":"Broches et pin's","item":"https:\/\/www.mathon-paris.com\/ja\/produits\/broches-et-pins\/"},{"@type":"ListItem","position":3,"name":"Pin&rsquo;s Coccinelle, Or blanc, saphirs roses, am\u00e9thystes et diamants noirs"}]},{"@type":"WebSite","@id":"https:\/\/www.mathon-paris.com\/ja\/#website","url":"https:\/\/www.mathon-paris.com\/ja\/","name":"Mathon Paris","description":"","potentialAction":[{"@type":"SearchAction","target":{"@type":"EntryPoint","urlTemplate":"https:\/\/www.mathon-paris.com\/ja\/?s={search_term_string}"},"query-input":{"@type":"PropertyValueSpecification","valueRequired":true,"valueName":"search_term_string"}}],"inLanguage":"ja"}]}},"_links":{"self":[{"href":"https:\/\/www.mathon-paris.com\/ja\/wp-json\/wp\/v2\/product\/53786"}],"collection":[{"href":"https:\/\/www.mathon-paris.com\/ja\/wp-json\/wp\/v2\/product"}],"about":[{"href":"https:\/\/www.mathon-paris.com\/ja\/wp-json\/wp\/v2\/types\/product"}],"wp:featuredmedia":[{"embeddable":true,"href":"https:\/\/www.mathon-paris.com\/ja\/wp-json\/wp\/v2\/media\/53800"}],"wp:attachment":[{"href":"https:\/\/www.mathon-paris.com\/ja\/wp-json\/wp\/v2\/media?parent=53786"}],"wp:term":[{"taxonomy":"product_cat","embeddable":true,"href":"https:\/\/www.mathon-paris.com\/ja\/wp-json\/wp\/v2\/product_cat?post=53786"},{"taxonomy":"product_tag","embeddable":true,"href":"https:\/\/www.mathon-paris.com\/ja\/wp-json\/wp\/v2\/product_tag?post=53786"},{"taxonomy":"collection","embeddable":true,"href":"https:\/\/www.mathon-paris.com\/ja\/wp-json\/wp\/v2\/collection?post=53786"},{"taxonomy":"gold","embeddable":true,"href":"https:\/\/www.mathon-paris.com\/ja\/wp-json\/wp\/v2\/gold?post=53786"},{"taxonomy":"selection","embeddable":true,"href":"https:\/\/www.mathon-paris.com\/ja\/wp-json\/wp\/v2\/selection?post=53786"}],"curies":[{"name":"wp","href":"https:\/\/api.w.org\/{rel}","templated":true}]}}