{"id":53961,"date":"2024-06-12T12:39:39","date_gmt":"2024-06-12T10:39:39","guid":{"rendered":"https:\/\/www.mathon-paris.com\/?post_type=product&#038;p=53961"},"modified":"2025-10-24T12:15:16","modified_gmt":"2025-10-24T10:15:16","slug":"bague-lilas-or-rose-diamants-iolites-grenats-rhodolite-et-amethystes","status":"publish","type":"product","link":"https:\/\/www.mathon-paris.com\/ja\/e-boutique\/bagues\/bague-lilas-or-rose-diamants-iolites-grenats-rhodolite-et-amethystes\/","title":{"rendered":"Bague Lilas, Or rose, diamants, iolites, grenats rhodolite et am\u00e9thystes"},"content":{"rendered":"","protected":false},"excerpt":{"rendered":"<p style=\"margin: 0cm;\">Or rose 18K 750 milli\u00e8mes<br \/>\nDiamants<br \/>\nIolites<\/p>\n<p style=\"margin: 0cm;\">Grenats rhodolite<\/p>\n<p style=\"margin: 0cm;\">Am\u00e9thystes<\/p>\n<p>&nbsp;<\/p>\n<p>Label Joaillerie de France &#8211; origine France certifi\u00e9e<\/p>\n","protected":false},"featured_media":53975,"template":"","meta":{"_acf_changed":false},"product_cat":[15],"product_tag":[204],"collection":[259],"gold":[256],"selection":[243],"acf":[],"yoast_head":"<!-- This site is optimized with the Yoast SEO plugin v24.5 - https:\/\/yoast.com\/wordpress\/plugins\/seo\/ -->\n<title>Bague Lilas, Or rose, diamants, iolites, grenats rhodolite et am\u00e9thystes | Mathon Paris<\/title>\n<meta name=\"robots\" content=\"index, follow, max-snippet:-1, max-image-preview:large, max-video-preview:-1\" \/>\n<link rel=\"canonical\" href=\"https:\/\/www.mathon-paris.com\/ja\/e-boutique\/bagues\/bague-lilas-or-rose-diamants-iolites-grenats-rhodolite-et-amethystes\/\" \/>\n<meta property=\"og:locale\" content=\"ja_JP\" \/>\n<meta property=\"og:type\" content=\"article\" \/>\n<meta property=\"og:title\" content=\"Bague Lilas, Or rose, diamants, iolites, grenats rhodolite et am\u00e9thystes | Mathon Paris\" \/>\n<meta property=\"og:description\" content=\"Or rose 18K 750 milli\u00e8mes Diamants Iolites Grenats rhodolite Am\u00e9thystes &nbsp; Label Joaillerie de France - origine France certifi\u00e9e\" \/>\n<meta property=\"og:url\" content=\"https:\/\/www.mathon-paris.com\/ja\/e-boutique\/bagues\/bague-lilas-or-rose-diamants-iolites-grenats-rhodolite-et-amethystes\/\" \/>\n<meta property=\"og:site_name\" content=\"Mathon Paris\" \/>\n<meta property=\"article:modified_time\" content=\"2025-10-24T10:15:16+00:00\" \/>\n<meta property=\"og:image\" content=\"https:\/\/www.mathon-paris.com\/wp-content\/uploads\/2024\/06\/image-1-13.jpg\" \/>\n\t<meta property=\"og:image:width\" content=\"1500\" \/>\n\t<meta property=\"og:image:height\" content=\"1500\" \/>\n\t<meta property=\"og:image:type\" content=\"image\/jpeg\" \/>\n<meta name=\"twitter:card\" content=\"summary_large_image\" \/>\n<meta name=\"twitter:label1\" content=\"\u63a8\u5b9a\u8aad\u307f\u53d6\u308a\u6642\u9593\" \/>\n\t<meta name=\"twitter:data1\" content=\"1\u5206\" \/>\n<script type=\"application\/ld+json\" class=\"yoast-schema-graph\">{\"@context\":\"https:\/\/schema.org\",\"@graph\":[{\"@type\":\"WebPage\",\"@id\":\"https:\/\/www.mathon-paris.com\/ja\/e-boutique\/bagues\/bague-lilas-or-rose-diamants-iolites-grenats-rhodolite-et-amethystes\/\",\"url\":\"https:\/\/www.mathon-paris.com\/ja\/e-boutique\/bagues\/bague-lilas-or-rose-diamants-iolites-grenats-rhodolite-et-amethystes\/\",\"name\":\"Bague Lilas, Or rose, diamants, iolites, grenats rhodolite et am\u00e9thystes | Mathon Paris\",\"isPartOf\":{\"@id\":\"https:\/\/www.mathon-paris.com\/ja\/#website\"},\"primaryImageOfPage\":{\"@id\":\"https:\/\/www.mathon-paris.com\/ja\/e-boutique\/bagues\/bague-lilas-or-rose-diamants-iolites-grenats-rhodolite-et-amethystes\/#primaryimage\"},\"image\":{\"@id\":\"https:\/\/www.mathon-paris.com\/ja\/e-boutique\/bagues\/bague-lilas-or-rose-diamants-iolites-grenats-rhodolite-et-amethystes\/#primaryimage\"},\"thumbnailUrl\":\"https:\/\/www.mathon-paris.com\/wp-content\/uploads\/2024\/06\/image-1-13.jpg\",\"datePublished\":\"2024-06-12T10:39:39+00:00\",\"dateModified\":\"2025-10-24T10:15:16+00:00\",\"breadcrumb\":{\"@id\":\"https:\/\/www.mathon-paris.com\/ja\/e-boutique\/bagues\/bague-lilas-or-rose-diamants-iolites-grenats-rhodolite-et-amethystes\/#breadcrumb\"},\"inLanguage\":\"ja\",\"potentialAction\":[{\"@type\":\"ReadAction\",\"target\":[\"https:\/\/www.mathon-paris.com\/ja\/e-boutique\/bagues\/bague-lilas-or-rose-diamants-iolites-grenats-rhodolite-et-amethystes\/\"]}]},{\"@type\":\"ImageObject\",\"inLanguage\":\"ja\",\"@id\":\"https:\/\/www.mathon-paris.com\/ja\/e-boutique\/bagues\/bague-lilas-or-rose-diamants-iolites-grenats-rhodolite-et-amethystes\/#primaryimage\",\"url\":\"https:\/\/www.mathon-paris.com\/wp-content\/uploads\/2024\/06\/image-1-13.jpg\",\"contentUrl\":\"https:\/\/www.mathon-paris.com\/wp-content\/uploads\/2024\/06\/image-1-13.jpg\",\"width\":1500,\"height\":1500},{\"@type\":\"BreadcrumbList\",\"@id\":\"https:\/\/www.mathon-paris.com\/ja\/e-boutique\/bagues\/bague-lilas-or-rose-diamants-iolites-grenats-rhodolite-et-amethystes\/#breadcrumb\",\"itemListElement\":[{\"@type\":\"ListItem\",\"position\":1,\"name\":\"\u30b7\u30e7\u30c3\u30d7\",\"item\":\"https:\/\/www.mathon-paris.com\/ja\/%e3%82%b7%e3%83%a7%e3%83%83%e3%83%97\/\"},{\"@type\":\"ListItem\",\"position\":2,\"name\":\"Bagues\",\"item\":\"https:\/\/www.mathon-paris.com\/ja\/produits\/bagues\/\"},{\"@type\":\"ListItem\",\"position\":3,\"name\":\"Bague Lilas, Or rose, diamants, iolites, grenats rhodolite et am\u00e9thystes\"}]},{\"@type\":\"WebSite\",\"@id\":\"https:\/\/www.mathon-paris.com\/ja\/#website\",\"url\":\"https:\/\/www.mathon-paris.com\/ja\/\",\"name\":\"Mathon Paris\",\"description\":\"\",\"potentialAction\":[{\"@type\":\"SearchAction\",\"target\":{\"@type\":\"EntryPoint\",\"urlTemplate\":\"https:\/\/www.mathon-paris.com\/ja\/?s={search_term_string}\"},\"query-input\":{\"@type\":\"PropertyValueSpecification\",\"valueRequired\":true,\"valueName\":\"search_term_string\"}}],\"inLanguage\":\"ja\"}]}<\/script>\n<!-- \/ Yoast SEO plugin. -->","yoast_head_json":{"title":"Bague Lilas, Or rose, diamants, iolites, grenats rhodolite et am\u00e9thystes | Mathon Paris","robots":{"index":"index","follow":"follow","max-snippet":"max-snippet:-1","max-image-preview":"max-image-preview:large","max-video-preview":"max-video-preview:-1"},"canonical":"https:\/\/www.mathon-paris.com\/ja\/e-boutique\/bagues\/bague-lilas-or-rose-diamants-iolites-grenats-rhodolite-et-amethystes\/","og_locale":"ja_JP","og_type":"article","og_title":"Bague Lilas, Or rose, diamants, iolites, grenats rhodolite et am\u00e9thystes | Mathon Paris","og_description":"Or rose 18K 750 milli\u00e8mes Diamants Iolites Grenats rhodolite Am\u00e9thystes &nbsp; Label Joaillerie de France - origine France certifi\u00e9e","og_url":"https:\/\/www.mathon-paris.com\/ja\/e-boutique\/bagues\/bague-lilas-or-rose-diamants-iolites-grenats-rhodolite-et-amethystes\/","og_site_name":"Mathon Paris","article_modified_time":"2025-10-24T10:15:16+00:00","og_image":[{"width":1500,"height":1500,"url":"https:\/\/www.mathon-paris.com\/wp-content\/uploads\/2024\/06\/image-1-13.jpg","type":"image\/jpeg"}],"twitter_card":"summary_large_image","twitter_misc":{"\u63a8\u5b9a\u8aad\u307f\u53d6\u308a\u6642\u9593":"1\u5206"},"schema":{"@context":"https:\/\/schema.org","@graph":[{"@type":"WebPage","@id":"https:\/\/www.mathon-paris.com\/ja\/e-boutique\/bagues\/bague-lilas-or-rose-diamants-iolites-grenats-rhodolite-et-amethystes\/","url":"https:\/\/www.mathon-paris.com\/ja\/e-boutique\/bagues\/bague-lilas-or-rose-diamants-iolites-grenats-rhodolite-et-amethystes\/","name":"Bague Lilas, Or rose, diamants, iolites, grenats rhodolite et am\u00e9thystes | Mathon Paris","isPartOf":{"@id":"https:\/\/www.mathon-paris.com\/ja\/#website"},"primaryImageOfPage":{"@id":"https:\/\/www.mathon-paris.com\/ja\/e-boutique\/bagues\/bague-lilas-or-rose-diamants-iolites-grenats-rhodolite-et-amethystes\/#primaryimage"},"image":{"@id":"https:\/\/www.mathon-paris.com\/ja\/e-boutique\/bagues\/bague-lilas-or-rose-diamants-iolites-grenats-rhodolite-et-amethystes\/#primaryimage"},"thumbnailUrl":"https:\/\/www.mathon-paris.com\/wp-content\/uploads\/2024\/06\/image-1-13.jpg","datePublished":"2024-06-12T10:39:39+00:00","dateModified":"2025-10-24T10:15:16+00:00","breadcrumb":{"@id":"https:\/\/www.mathon-paris.com\/ja\/e-boutique\/bagues\/bague-lilas-or-rose-diamants-iolites-grenats-rhodolite-et-amethystes\/#breadcrumb"},"inLanguage":"ja","potentialAction":[{"@type":"ReadAction","target":["https:\/\/www.mathon-paris.com\/ja\/e-boutique\/bagues\/bague-lilas-or-rose-diamants-iolites-grenats-rhodolite-et-amethystes\/"]}]},{"@type":"ImageObject","inLanguage":"ja","@id":"https:\/\/www.mathon-paris.com\/ja\/e-boutique\/bagues\/bague-lilas-or-rose-diamants-iolites-grenats-rhodolite-et-amethystes\/#primaryimage","url":"https:\/\/www.mathon-paris.com\/wp-content\/uploads\/2024\/06\/image-1-13.jpg","contentUrl":"https:\/\/www.mathon-paris.com\/wp-content\/uploads\/2024\/06\/image-1-13.jpg","width":1500,"height":1500},{"@type":"BreadcrumbList","@id":"https:\/\/www.mathon-paris.com\/ja\/e-boutique\/bagues\/bague-lilas-or-rose-diamants-iolites-grenats-rhodolite-et-amethystes\/#breadcrumb","itemListElement":[{"@type":"ListItem","position":1,"name":"\u30b7\u30e7\u30c3\u30d7","item":"https:\/\/www.mathon-paris.com\/ja\/%e3%82%b7%e3%83%a7%e3%83%83%e3%83%97\/"},{"@type":"ListItem","position":2,"name":"Bagues","item":"https:\/\/www.mathon-paris.com\/ja\/produits\/bagues\/"},{"@type":"ListItem","position":3,"name":"Bague Lilas, Or rose, diamants, iolites, grenats rhodolite et am\u00e9thystes"}]},{"@type":"WebSite","@id":"https:\/\/www.mathon-paris.com\/ja\/#website","url":"https:\/\/www.mathon-paris.com\/ja\/","name":"Mathon Paris","description":"","potentialAction":[{"@type":"SearchAction","target":{"@type":"EntryPoint","urlTemplate":"https:\/\/www.mathon-paris.com\/ja\/?s={search_term_string}"},"query-input":{"@type":"PropertyValueSpecification","valueRequired":true,"valueName":"search_term_string"}}],"inLanguage":"ja"}]}},"_links":{"self":[{"href":"https:\/\/www.mathon-paris.com\/ja\/wp-json\/wp\/v2\/product\/53961"}],"collection":[{"href":"https:\/\/www.mathon-paris.com\/ja\/wp-json\/wp\/v2\/product"}],"about":[{"href":"https:\/\/www.mathon-paris.com\/ja\/wp-json\/wp\/v2\/types\/product"}],"wp:featuredmedia":[{"embeddable":true,"href":"https:\/\/www.mathon-paris.com\/ja\/wp-json\/wp\/v2\/media\/53975"}],"wp:attachment":[{"href":"https:\/\/www.mathon-paris.com\/ja\/wp-json\/wp\/v2\/media?parent=53961"}],"wp:term":[{"taxonomy":"product_cat","embeddable":true,"href":"https:\/\/www.mathon-paris.com\/ja\/wp-json\/wp\/v2\/product_cat?post=53961"},{"taxonomy":"product_tag","embeddable":true,"href":"https:\/\/www.mathon-paris.com\/ja\/wp-json\/wp\/v2\/product_tag?post=53961"},{"taxonomy":"collection","embeddable":true,"href":"https:\/\/www.mathon-paris.com\/ja\/wp-json\/wp\/v2\/collection?post=53961"},{"taxonomy":"gold","embeddable":true,"href":"https:\/\/www.mathon-paris.com\/ja\/wp-json\/wp\/v2\/gold?post=53961"},{"taxonomy":"selection","embeddable":true,"href":"https:\/\/www.mathon-paris.com\/ja\/wp-json\/wp\/v2\/selection?post=53961"}],"curies":[{"name":"wp","href":"https:\/\/api.w.org\/{rel}","templated":true}]}}